{"id":219,"date":"2023-01-18T08:34:22","date_gmt":"2023-01-18T08:34:22","guid":{"rendered":"https:\/\/cav-roy.dz\/lina\/?page_id=219"},"modified":"2024-11-25T09:44:00","modified_gmt":"2024-11-25T08:44:00","slug":"about-us","status":"publish","type":"page","link":"https:\/\/cav-roy.dz\/lina\/about-us\/","title":{"rendered":"A Propos"},"content":{"rendered":"\t\t<div data-elementor-type=\"wp-page\" data-elementor-id=\"219\" class=\"elementor elementor-219\" data-elementor-post-type=\"page\">\n\t\t\t\t\t\t<section class=\"elementor-section elementor-top-section elementor-element elementor-element-63ed1d7f83edf g5core__el-width-1440 elementor-section-boxed elementor-section-height-default elementor-section-height-default\" data-id=\"63ed1d7f83edf\" data-element_type=\"section\">\n\t\t\t\t\t\t<div class=\"elementor-container elementor-column-gap-default\">\n\t\t\t\t\t<div class=\"elementor-column elementor-col-50 elementor-top-column elementor-element elementor-element-5818a07 img-care-for-your-skin-image\" data-id=\"5818a07\" data-element_type=\"column\">\n\t\t\t<div class=\"elementor-widget-wrap elementor-element-populated\">\n\t\t\t\t\t\t<div class=\"elementor-element elementor-element-54e8a73 elementor-widget elementor-widget-image\" data-id=\"54e8a73\" data-element_type=\"widget\" data-widget_type=\"image.default\">\n\t\t\t\t<div class=\"elementor-widget-container\">\n\t\t\t\t\t\t\t\t\t\t\t\t\t<img fetchpriority=\"high\" decoding=\"async\" width=\"414\" height=\"411\" src=\"https:\/\/cav-roy.dz\/lina\/wp-content\/uploads\/2024\/11\/Layer2.png\" class=\"attachment-large size-large wp-image-2370\" alt=\"\" srcset=\"https:\/\/cav-roy.dz\/lina\/wp-content\/uploads\/2024\/11\/Layer2.png 414w, https:\/\/cav-roy.dz\/lina\/wp-content\/uploads\/2024\/11\/Layer2-300x298.png 300w, https:\/\/cav-roy.dz\/lina\/wp-content\/uploads\/2024\/11\/Layer2-150x150.png 150w\" sizes=\"(max-width: 414px) 100vw, 414px\" \/>\t\t\t\t\t\t\t\t\t\t\t\t\t<\/div>\n\t\t\t\t<\/div>\n\t\t\t\t\t<\/div>\n\t\t<\/div>\n\t\t\t\t<div class=\"elementor-column elementor-col-50 elementor-top-column elementor-element elementor-element-cd8e5ab img-care-for-your-skin-context\" data-id=\"cd8e5ab\" data-element_type=\"column\">\n\t\t\t<div class=\"elementor-widget-wrap elementor-element-populated\">\n\t\t\t\t\t\t<div class=\"elementor-element elementor-element-e12c719 elementor-widget elementor-widget-ube-heading\" data-id=\"e12c719\" data-element_type=\"widget\" data-widget_type=\"ube-heading.default\">\n\t\t\t\t<div class=\"elementor-widget-container\">\n\t\t\t<div class=\"ube-heading\">\n\t<h2 class=\"ube-heading-title\">A PROPOS DE, \nLINA NATURELS CORNER<\/h2><div class=\"ube-heading-description\"><p>Nous sommes sp\u00e9cialis\u00e9s dans les produits naturels d\u00e9di\u00e9s \u00e0 la beaut\u00e9 et au bien-\u00eatre. Avec un engagement envers la qualit\u00e9 et l'authenticit\u00e9, nous offrons une large gamme de soins capillaires, corporels et compl\u00e9ments alimentaires naturels. Notre mission est de vous accompagner dans une routine saine, en mettant la nature au service de votre \u00e9panouissement.<\/p><\/div><\/div>\t\t<\/div>\n\t\t\t\t<\/div>\n\t\t\t\t\t<\/div>\n\t\t<\/div>\n\t\t\t\t\t<\/div>\n\t\t<\/section>\n\t\t\t\t<section class=\"elementor-section elementor-top-section elementor-element elementor-element-63ed1ddc0a483 g5core__el-width-1440 elementor-section-full_width elementor-section-stretched elementor-section-height-default elementor-section-height-default\" data-id=\"63ed1ddc0a483\" data-element_type=\"section\" data-settings=\"{&quot;stretch_section&quot;:&quot;section-stretched&quot;,&quot;background_background&quot;:&quot;classic&quot;}\">\n\t\t\t\t\t\t<div class=\"elementor-container elementor-column-gap-default\">\n\t\t\t\t\t<div class=\"elementor-column elementor-col-100 elementor-top-column elementor-element elementor-element-49978575\" data-id=\"49978575\" data-element_type=\"column\" data-settings=\"{&quot;background_background&quot;:&quot;classic&quot;}\">\n\t\t\t<div class=\"elementor-widget-wrap elementor-element-populated\">\n\t\t\t\t\t\t<section class=\"elementor-section elementor-inner-section elementor-element elementor-element-1f302906 g5core__el-width-1440 elementor-section-boxed elementor-section-height-default elementor-section-height-default\" data-id=\"1f302906\" data-element_type=\"section\">\n\t\t\t\t\t\t<div class=\"elementor-container elementor-column-gap-default\">\n\t\t\t\t\t<div class=\"elementor-column elementor-col-100 elementor-inner-column elementor-element elementor-element-8f224b2\" data-id=\"8f224b2\" data-element_type=\"column\">\n\t\t\t<div class=\"elementor-widget-wrap elementor-element-populated\">\n\t\t\t\t\t\t<div class=\"elementor-element elementor-element-45f0c512 elementor-grid-3 elementor-grid-mobile-1 ube-position-top elementor-widget elementor-widget-ube-advanced-image-box\" data-id=\"45f0c512\" data-element_type=\"widget\" data-widget_type=\"ube-advanced-image-box.default\">\n\t\t\t\t<div class=\"elementor-widget-container\">\n\t\t\t\t\t<div class=\"elementor-grid ube-advanced-image-box\">\n\t\t\t\t\t\t\t\t\t\t\t<div class=\"elementor-grid-item elementor-repeater-item-7c76a27 \">\n\t\t\t\t<div class=\"ube-icon-box-wrapper\">\n\t<div class=\"ube-image-box ube-icon-box\">\n\t\t\t\t\t<div class=\"ube-ib-icon ube-image\">\n\t\t\t\t<span class=\"card-img\"><img decoding=\"async\" width=\"102\" height=\"118\" src=\"https:\/\/cav-roy.dz\/lina\/wp-content\/uploads\/2023\/01\/image-box-05.png\" class=\"attachment-full size-full wp-image-437\" alt=\"\" \/> <\/span>\t\t\t<\/div>\n\t\t\t\t\t\t\t<div class=\"ube-ib-content\">\n\t\t\t\t<h3 class=\"ube-ib-title mb-0 \"><span >Produits Naturels<\/span><\/h3>\t\t\t\t\t\t\t\t\t<div class=\"ube-ib-desc mb-0 \">Optez pour des produits naturels, alliant qualit\u00e9 et respect pour votre bien-\u00eatre et votre beaut\u00e9.<\/div>\n\t\t\t\t\t\t\t<\/div>\n\t\t\t<\/div>\n\t<\/div>\n\n\t\t\t<\/div>\n\t\t\t\t\t\t\t\t<div class=\"elementor-grid-item elementor-repeater-item-8af1ebd \">\n\t\t\t\t<div class=\"ube-icon-box-wrapper\">\n\t<div class=\"ube-image-box ube-icon-box\">\n\t\t\t\t\t<div class=\"ube-ib-icon ube-image\">\n\t\t\t\t<span class=\"card-img\"><img decoding=\"async\" width=\"102\" height=\"118\" src=\"https:\/\/cav-roy.dz\/lina\/wp-content\/uploads\/2023\/01\/image-box-04.png\" class=\"attachment-full size-full wp-image-436\" alt=\"\" \/> <\/span>\t\t\t<\/div>\n\t\t\t\t\t\t\t<div class=\"ube-ib-content\">\n\t\t\t\t<h3 class=\"ube-ib-title mb-0 \"><span >Bienfaits pour la Sant\u00e9<\/span><\/h3>\t\t\t\t\t\t\t\t\t<div class=\"ube-ib-desc mb-0 \">Nos produits naturels sont enrichis en ingr\u00e9dients b\u00e9n\u00e9fiques pour votre sant\u00e9, soutenant votre bien-\u00eatre au quotidien tout en respectant votre corps.\n\n<\/div>\n\t\t\t\t\t\t\t<\/div>\n\t\t\t<\/div>\n\t<\/div>\n\n\t\t\t<\/div>\n\t\t\t\t\t\t\t\t<div class=\"elementor-grid-item elementor-repeater-item-4220768 \">\n\t\t\t\t<div class=\"ube-icon-box-wrapper\">\n\t<div class=\"ube-image-box ube-icon-box\">\n\t\t\t\t\t<div class=\"ube-ib-icon ube-image\">\n\t\t\t\t<span class=\"card-img\"><img loading=\"lazy\" decoding=\"async\" width=\"102\" height=\"118\" src=\"https:\/\/cav-roy.dz\/lina\/wp-content\/uploads\/2023\/01\/image-box-03.png\" class=\"attachment-full size-full wp-image-435\" alt=\"\" \/> <\/span>\t\t\t<\/div>\n\t\t\t\t\t\t\t<div class=\"ube-ib-content\">\n\t\t\t\t<h3 class=\"ube-ib-title mb-0 \"><span >Longue Dur\u00e9e Apr\u00e8s Ouverture<\/span><\/h3>\t\t\t\t\t\t\t\t\t<div class=\"ube-ib-desc mb-0 \">Nos produits sont con\u00e7us pour offrir une utilisation prolong\u00e9e apr\u00e8s ouverture, tout en conservant leur efficacit\u00e9 et leur qualit\u00e9 d'origine.\n\n\n\n\n\n\n<\/div>\n\t\t\t\t\t\t\t<\/div>\n\t\t\t<\/div>\n\t<\/div>\n\n\t\t\t<\/div>\n\t\t\t\t\t\t<\/div>\n\t\t\t\t<\/div>\n\t\t\t\t<\/div>\n\t\t\t\t\t<\/div>\n\t\t<\/div>\n\t\t\t\t\t<\/div>\n\t\t<\/section>\n\t\t\t\t\t<\/div>\n\t\t<\/div>\n\t\t\t\t\t<\/div>\n\t\t<\/section>\n\t\t\t\t<\/div>\n\t\t","protected":false},"excerpt":{"rendered":"<p>A PROPOS DE, LINA NATURELS CORNER Nous sommes sp\u00e9cialis\u00e9s dans les produits naturels d\u00e9di\u00e9s \u00e0 la beaut\u00e9 et au bien-\u00eatre. Avec un engagement envers la qualit\u00e9 et l&rsquo;authenticit\u00e9, nous offrons une large gamme de soins capillaires, corporels et compl\u00e9ments alimentaires naturels. Notre mission est de vous accompagner dans une routine saine, en mettant la nature [&hellip;]<\/p>\n","protected":false},"author":1,"featured_media":0,"parent":0,"menu_order":0,"comment_status":"closed","ping_status":"closed","template":"elementor_header_footer","meta":{"footnotes":""},"class_list":["post-219","page","type-page","status-publish","hentry"],"_links":{"self":[{"href":"https:\/\/cav-roy.dz\/lina\/wp-json\/wp\/v2\/pages\/219","targetHints":{"allow":["GET"]}}],"collection":[{"href":"https:\/\/cav-roy.dz\/lina\/wp-json\/wp\/v2\/pages"}],"about":[{"href":"https:\/\/cav-roy.dz\/lina\/wp-json\/wp\/v2\/types\/page"}],"author":[{"embeddable":true,"href":"https:\/\/cav-roy.dz\/lina\/wp-json\/wp\/v2\/users\/1"}],"replies":[{"embeddable":true,"href":"https:\/\/cav-roy.dz\/lina\/wp-json\/wp\/v2\/comments?post=219"}],"version-history":[{"count":31,"href":"https:\/\/cav-roy.dz\/lina\/wp-json\/wp\/v2\/pages\/219\/revisions"}],"predecessor-version":[{"id":2396,"href":"https:\/\/cav-roy.dz\/lina\/wp-json\/wp\/v2\/pages\/219\/revisions\/2396"}],"wp:attachment":[{"href":"https:\/\/cav-roy.dz\/lina\/wp-json\/wp\/v2\/media?parent=219"}],"curies":[{"name":"wp","href":"https:\/\/api.w.org\/{rel}","templated":true}]}}