{"id":1720,"date":"2024-11-06T19:58:01","date_gmt":"2024-11-06T19:58:01","guid":{"rendered":"https:\/\/cav-roy.dz\/olea\/?page_id=1720"},"modified":"2024-11-06T19:58:01","modified_gmt":"2024-11-06T19:58:01","slug":"politique-de-confidentialite","status":"publish","type":"page","link":"https:\/\/cav-roy.dz\/olea\/politique-de-confidentialite\/","title":{"rendered":"Politique de Confidentialit\u00e9"},"content":{"rendered":"<p>Chez Olea Shop, nous respectons votre vie priv\u00e9e et nous engageons \u00e0 prot\u00e9ger vos donn\u00e9es personnelles. Cette politique de confidentialit\u00e9 d\u00e9crit comment nous collectons, utilisons et s\u00e9curisons vos informations.<\/p>\n<p><strong>1. Collecte des informations :<\/strong><br \/>\nNous recueillons les informations n\u00e9cessaires pour traiter vos commandes et am\u00e9liorer votre exp\u00e9rience d&#8217;achat. Cela inclut les informations de contact, de paiement, et d&#8217;achat. Nous ne collectons que les donn\u00e9es n\u00e9cessaires et nous les gardons confidentielles.<\/p>\n<p><strong>2. Utilisation des donn\u00e9es :<\/strong><br \/>\nLes informations que nous recueillons sont utilis\u00e9es pour traiter vos commandes, g\u00e9rer votre compte, et personnaliser votre exp\u00e9rience. Nous pouvons \u00e9galement vous envoyer des offres et actualit\u00e9s, avec votre consentement.<\/p>\n<p><strong>3. Partage des donn\u00e9es :<\/strong><br \/>\nNous ne partageons vos informations personnelles qu\u2019avec des tiers de confiance, n\u00e9cessaires pour le traitement des commandes (comme les services de livraison). Nous nous assurons que ces tiers respectent la confidentialit\u00e9 et la s\u00e9curit\u00e9 de vos donn\u00e9es.<\/p>\n<p><strong>4. S\u00e9curit\u00e9 des donn\u00e9es :<\/strong><br \/>\nNous mettons en place des mesures de s\u00e9curit\u00e9 pour prot\u00e9ger vos informations contre tout acc\u00e8s non autoris\u00e9 ou divulgation. Nos syst\u00e8mes sont con\u00e7us pour assurer la confidentialit\u00e9 de vos donn\u00e9es.<\/p>\n<p><strong>5. Vos droits :<\/strong><br \/>\nVous avez le droit de consulter, modifier ou supprimer vos informations personnelles en nous contactant. Vous pouvez \u00e9galement vous d\u00e9sabonner de nos communications marketing \u00e0 tout moment.<\/p>\n<p><strong>6. Cookies :<\/strong><br \/>\nNous utilisons des cookies pour am\u00e9liorer votre exp\u00e9rience sur notre site. Ils nous aident \u00e0 analyser le trafic et \u00e0 personnaliser votre navigation. Vous pouvez les d\u00e9sactiver dans les param\u00e8tres de votre navigateur.<\/p>\n<p>Pour toute question ou demande relative \u00e0 notre politique de confidentialit\u00e9, veuillez nous contacter. Nous nous engageons \u00e0 prot\u00e9ger votre vie priv\u00e9e et \u00e0 respecter les lois en vigueur sur la protection des donn\u00e9es.<\/p>\n","protected":false},"excerpt":{"rendered":"<p>Chez Olea Shop, nous respectons votre vie priv\u00e9e et nous engageons \u00e0 prot\u00e9ger vos donn\u00e9es personnelles. Cette politique de confidentialit\u00e9 d\u00e9crit comment nous collectons, utilisons et s\u00e9curisons vos informations. 1. Collecte des informations : Nous recueillons les informations n\u00e9cessaires pour traiter vos commandes et am\u00e9liorer votre exp\u00e9rience d&#8217;achat. Cela inclut les informations de contact, de [&hellip;]<\/p>\n","protected":false},"author":1,"featured_media":0,"parent":0,"menu_order":0,"comment_status":"closed","ping_status":"closed","template":"","meta":{"_siteseo_robots_primary_cat":"","_monsterinsights_skip_tracking":false,"_monsterinsights_sitenote_active":false,"_monsterinsights_sitenote_note":"","_monsterinsights_sitenote_category":0,"footnotes":""},"class_list":["post-1720","page","type-page","status-publish","hentry"],"aioseo_notices":[],"_links":{"self":[{"href":"https:\/\/cav-roy.dz\/olea\/wp-json\/wp\/v2\/pages\/1720","targetHints":{"allow":["GET"]}}],"collection":[{"href":"https:\/\/cav-roy.dz\/olea\/wp-json\/wp\/v2\/pages"}],"about":[{"href":"https:\/\/cav-roy.dz\/olea\/wp-json\/wp\/v2\/types\/page"}],"author":[{"embeddable":true,"href":"https:\/\/cav-roy.dz\/olea\/wp-json\/wp\/v2\/users\/1"}],"replies":[{"embeddable":true,"href":"https:\/\/cav-roy.dz\/olea\/wp-json\/wp\/v2\/comments?post=1720"}],"version-history":[{"count":1,"href":"https:\/\/cav-roy.dz\/olea\/wp-json\/wp\/v2\/pages\/1720\/revisions"}],"predecessor-version":[{"id":1721,"href":"https:\/\/cav-roy.dz\/olea\/wp-json\/wp\/v2\/pages\/1720\/revisions\/1721"}],"wp:attachment":[{"href":"https:\/\/cav-roy.dz\/olea\/wp-json\/wp\/v2\/media?parent=1720"}],"curies":[{"name":"wp","href":"https:\/\/api.w.org\/{rel}","templated":true}]}}